{"id":107,"date":"2016-11-21T08:22:03","date_gmt":"2016-11-21T08:22:03","guid":{"rendered":"http:\/\/silberpunze.1x.de\/wordpress\/?page_id=107"},"modified":"2018-05-04T17:14:34","modified_gmt":"2018-05-04T17:14:34","slug":"impressum","status":"publish","type":"page","link":"https:\/\/silberpunze.1x.de\/wordpress\/?page_id=107","title":{"rendered":"impressum"},"content":{"rendered":"<h3>Kontakt:<\/h3>\n<p><img loading=\"lazy\" decoding=\"async\" src=\"http:\/\/silberpunze.freehost.ag\/Images\/eMail.JPG\" width=\"175\" height=\"123\" \/><\/p>\n<h2>Haftungsausschluss (Disclaimer)<\/h2>\n<h3>Haftung f\u00fcr Inhalte<\/h3>\n<p>Die Inhalte unserer Seiten wurden mit gro\u00dfer Sorgfalt erstellt. F\u00fcr die Richtigkeit, Vollst\u00e4ndigkeit und Aktualit\u00e4t der Inhalte k\u00f6nnen wir jedoch keine Gew\u00e4hr \u00fcbernehmen. Vor allem die angegebenen Datierungen sind oft fehlerhaft und basieren teilweise auf einer groben Sch\u00e4tzung. Manchmal findet man eine Begr\u00fcndung der Datierung in der Beschreibung zum Beschauzeichens. Sollten Ihnen Fehler auffallen oder Sie Informationen zu bisher nicht oder falsch bzw. unvollst\u00e4ndig zugeordneten Punzen haben, k\u00f6nnen Sie es uns unter der Kontakt-Email- Adresse mitteilen. Wir versuchen das dann so schnell wie m\u00f6glich zu berichtigen.<\/p>\n<h3>Haftung f\u00fcr Links<\/h3>\n<p>Unser Angebot enth\u00e4lt Links zu externen Webseiten Dritter, auf deren Inhalte wir keinen Einfluss haben. Deshalb k\u00f6nnen wir f\u00fcr diese fremden Inhalte auch keine Gew\u00e4hr \u00fcbernehmen. F\u00fcr die Inhalte der verlinkten Seiten ist stets der jeweilige Anbieter oder Betreiber der Seiten verantwortlich. Rechtswidrige Inhalte waren zum Zeitpunkt der Verlinkung nicht erkennbar. Eine permanente inhaltliche Kontrolle der verlinkten Seiten ist jedoch ohne konkrete Anhaltspunkte einer Rechtsverletzung nicht zumutbar. Bei bekannt werden von Rechtsverletzungen werden wir derartige Links umgehend entfernen.<br \/>\nDas Landgericht Hamburg hat mit Urteil vom 12.05.1998 entschieden, dass man durch die Ausbringung eines Links die Inhalte der gelinkten Seite ggf. mit zu verantworten hat. Dies kann &#8211; so das Landgericht &#8211; nur dadurch verhindert werden, dass man sich ausdr\u00fccklich von diesen Inhalten distanziert. Auf unserer Seite haben wir Links zu anderen Seiten im Internet gelegt. F\u00fcr alle diese Links gilt: Wir m\u00f6chten ausdr\u00fccklich betonen, dass wir keinen Einfluss auf die Gestaltung und die Inhalte der gelinkten Seiten haben! Deshalb distanzieren wir uns hiermit ausdr\u00fccklich von allen Inhalten aller gelinkten Seiten auf der gesamten Website inkl. aller Unterseiten! Diese Erkl\u00e4rung gilt f\u00fcr alle auf unserer Homepage ausgebrachten Links und f\u00fcr alle Inhalte der Seiten, zu denen Links oder Banner f\u00fchren.<\/p>\n<h3>Urheberrecht<\/h3>\n<p>Die Betreiber der Seiten sind bem\u00fcht, stets die Urheberrechte anderer zu beachten bzw. auf selbst erstellte sowie lizenzfreie Werke zur\u00fcckzugreifen. Sollten trotzdem Bilder enthalten sein, die urheberrechtlich gesch\u00fctzt sind, bitten Wir Sie, uns dar\u00fcber zu informieren, damit die Bilder dann entfernt werden k\u00f6nnen. Bei der Vielzahl der hier dargestellten Bilder ist eine permanete Kontrolle nicht immer m\u00f6glich.<\/p>\n<h3>Datenschutzerkl\u00e4rung<\/h3>\n<p>Wir freuen uns sehr \u00fcber Ihr Interesse an dieser Webseite. Datenschutz hat einen besonders hohen Stellenwert f\u00fcr den Betreiber dieser privaten Webseite \u00fcber Silberpunzen. Eine Nutzung der privaten Webseite \u00fcber Silberpunzen ist grunds\u00e4tzlich ohne jede Angabe personenbezogener Daten m\u00f6glich. Sofern eine betroffene Person besondere Services des Betreibers der Internetseite in Anspruch nehmen m\u00f6chte, k\u00f6nnte jedoch eine Verarbeitung personenbezogener Daten erforderlich werden. Ist die Verarbeitung personenbezogener Daten erforderlich und besteht f\u00fcr eine solche Verarbeitung keine gesetzliche Grundlage, holen wir generell eine Einwilligung der betroffenen Person ein.<\/p>\n<p>Die Verarbeitung personenbezogener Daten, beispielsweise des Namens, der Anschrift, E-Mail-Adresse oder Telefonnummer einer betroffenen Person, erfolgt stets im Einklang mit der Datenschutz-Grundverordnung und in \u00dcbereinstimmung mit den f\u00fcr die private Webseite \u00fcber Silberpunzen geltenden landesspezifischen Datenschutzbestimmungen. Mittels dieser Datenschutzerkl\u00e4rung m\u00f6chte der Betreiber dieser Webseite die \u00d6ffentlichkeit \u00fcber Art, Umfang und Zweck der von uns erhobenen, genutzten und verarbeiteten personenbezogenen Daten informieren. Ferner werden betroffene Personen mittels dieser Datenschutzerkl\u00e4rung \u00fcber die ihnen zustehenden Rechte aufgekl\u00e4rt.<\/p>\n<p>Die private Webseite \u00fcber Silberpunzen hat als f\u00fcr die Verarbeitung Verantwortlicher zahlreiche technische und organisatorische Ma\u00dfnahmen umgesetzt, um einen m\u00f6glichst l\u00fcckenlosen Schutz der \u00fcber diese Internetseite verarbeiteten personenbezogenen Daten sicherzustellen. Dennoch k\u00f6nnen Internetbasierte Daten\u00fcbertragungen grunds\u00e4tzlich Sicherheitsl\u00fccken aufweisen, sodass ein absoluter Schutz nicht gew\u00e4hrleistet werden kann. Aus diesem Grund steht es jeder betroffenen Person frei, personenbezogene Daten auch auf alternativen Wegen, beispielsweise telefonisch, an uns zu \u00fcbermitteln.<\/p>\n<h3><a href=\"http:\/\/silberpunze.freehost.ag\/datenschutzerklaerung.php\">Datenschutzerkl\u00e4rung<\/a><\/h3>\n<h3>Allgemeine Hinweise<\/h3>\n<p>Dies ist eine rein privat betriebene Seite, die keinen kommerziellen, wohl aber einen wissenschaftlichen Hintergrund hat. Der Anbieter dieser Seite erzielt keine Einnahmen daraus, hat aber auch keine direkten Kosten. Der Inhalt dieser Seite richtet sich an all jene, die sich f\u00fcr altes deutsches Silber und deren Punzierung<br \/>\ninteressieren. Diese Seite lebt auch von der Mitarbeit durch seine Nutzer. Ich danke also allen, die den Aufbau der Seiten mit Bildmaterial und\/oder Informationen zu den Bildern unterst\u00fctzen.<\/p>\n<h3>Counter \/ Statistik<\/h3>\n<p>Um zu sehen, wie gut meine Seite besucht wird, verwende ich<br \/>\nwww.google.com\/analytics.<\/p>\n<p>Bitte informieren Sie sich \u00fcber die Datenschutzbestimmungen von Google: <a href=\"http:\/\/www.google.com\/intl\/de\/policies\/privacy\/\">http:\/\/www.google.com\/intl\/de\/policies\/privacy\/<\/a>.<\/p>\n<h3>Ziel dieser Arbeit:<\/h3>\n<p>Bei der Nennung des Zieles m\u00f6chte ich das Vorwort von Wolfgang Scheffler zitieren, dem aus meiner Sicht nichts hinzuzuf\u00fcgen ist. Diese Arbeit leitet sich also aus der Bitte ab, seine Forschungen fortzuf\u00fchren, Fehler zu berichtigen und neue Ergebnisse aufzunehmen und zu diskutieren.<\/p>\n<p>&gt;&gt; Die Absicht der vorliegenden Arbeit ist<br \/>\n1. das weithin verstreute, ja mehr oder minder versteckte Schrifttum zu diesem Thema in einheitlicher Gliederung zusammenzufassen, 2. neues in Archiven und Kirchen, Museen, Auktionen und Privatsammlungen gewonnenes Material hinzuzuf\u00fcgen und 3. Zuschreibungen zur Diskussion zu stellen und <b>m\u00f6glichst viele Interessenten zu weiteren Studien anzuregen.<\/b><br \/>\nEs ist sicherlich an der Zeit, die vor beinah vierzig Jahren erschienene 3. Auflage des Standardwerks von Mark Rosenberg,<i>Der Goldschmiede Merkzeichen<\/i> diese unentbehrliche Grundlage f\u00fcr die Bestimmung der Goldschmiedezeichen, zu erweitern und zu erg\u00e4nzen, auch hie und da zu berichtigen.&lt;&lt;<br \/>\n<i>Wolfgang Scheffler, Die Goldschmiede Niedersachsens, 1965, Walter de Gruyter &amp;Co, Berlin <\/i><\/p>\n","protected":false},"excerpt":{"rendered":"<p>Kontakt: Haftungsausschluss (Disclaimer) Haftung f\u00fcr Inhalte Die Inhalte unserer Seiten wurden mit gro\u00dfer Sorgfalt erstellt. F\u00fcr die Richtigkeit, Vollst\u00e4ndigkeit und Aktualit\u00e4t der Inhalte k\u00f6nnen wir jedoch keine Gew\u00e4hr \u00fcbernehmen. Vor allem die angegebenen Datierungen sind oft fehlerhaft und basieren teilweise auf einer groben Sch\u00e4tzung. Manchmal findet man eine Begr\u00fcndung der Datierung in der Beschreibung zum &hellip; <a href=\"https:\/\/silberpunze.1x.de\/wordpress\/?page_id=107\" class=\"more-link\"><span class=\"screen-reader-text\">\u201eimpressum\u201c<\/span> weiterlesen<\/a><\/p>\n","protected":false},"author":1,"featured_media":0,"parent":0,"menu_order":0,"comment_status":"closed","ping_status":"closed","template":"","meta":{"footnotes":""},"_links":{"self":[{"href":"https:\/\/silberpunze.1x.de\/wordpress\/index.php?rest_route=\/wp\/v2\/pages\/107"}],"collection":[{"href":"https:\/\/silberpunze.1x.de\/wordpress\/index.php?rest_route=\/wp\/v2\/pages"}],"about":[{"href":"https:\/\/silberpunze.1x.de\/wordpress\/index.php?rest_route=\/wp\/v2\/types\/page"}],"author":[{"embeddable":true,"href":"https:\/\/silberpunze.1x.de\/wordpress\/index.php?rest_route=\/wp\/v2\/users\/1"}],"replies":[{"embeddable":true,"href":"https:\/\/silberpunze.1x.de\/wordpress\/index.php?rest_route=%2Fwp%2Fv2%2Fcomments&post=107"}],"version-history":[{"count":5,"href":"https:\/\/silberpunze.1x.de\/wordpress\/index.php?rest_route=\/wp\/v2\/pages\/107\/revisions"}],"predecessor-version":[{"id":170,"href":"https:\/\/silberpunze.1x.de\/wordpress\/index.php?rest_route=\/wp\/v2\/pages\/107\/revisions\/170"}],"wp:attachment":[{"href":"https:\/\/silberpunze.1x.de\/wordpress\/index.php?rest_route=%2Fwp%2Fv2%2Fmedia&parent=107"}],"curies":[{"name":"wp","href":"https:\/\/api.w.org\/{rel}","templated":true}]}}